{"id":3708,"date":"2018-07-06T13:44:20","date_gmt":"2018-07-06T11:44:20","guid":{"rendered":"https:\/\/zbl.lzmk.hr\/?page_id=3708"},"modified":"2018-07-24T12:12:31","modified_gmt":"2018-07-24T10:12:31","slug":"glavna-stranica","status":"publish","type":"page","link":"https:\/\/zbl.lzmk.hr\/","title":{"rendered":""},"content":{"rendered":"<p>Po\u0161tovani,<\/p>\n<p>pred Vama je mre\u017eno izdanje <em>\u017didovskoga biografskog leksikona<\/em>. Kulturno dru\u0161tvo Miroslav \u0160alom Freiberger pokrenulo je 1997. projekt i organiziralo prvu redakciju. Tijekom godina projekt se dopunjavao i nadogra\u0111ivao. Od 2005. u realizaciju projekta uklju\u010dio se Leksikografski zavod Miroslav Krle\u017ea, pa je <em>Leksikon<\/em> naposljetku realiziran kao opse\u017eno i u leksikografskoj obradi cjelovito biografsko i bibliografsko izdanje.<\/p>\n<p>Ve\u0107ina onih koji su ga zamislili i na njemu tijekom godina radili \u2013 ponajprije valja spomenuti Branka Poli\u0107a i Vlastu Kova\u010d \u2013 vi\u0161e nije me\u0111u nama. Njima pripadaju nemjerljive zasluge i stoga im hvala.<\/p>\n<p><em>Leksikon<\/em> je zami\u0161ljen i kao svojevrsna povijest \u017didova na hrvatskom prostoru izlo\u017eena djelovanjem i sudbinama pojedinaca u obliku 3800 biografija, koje prikazuju i prinos pripadnika \u017eidovske zajednice hrvatskoj politici, gospodarstvu, kulturi, znanosti i drugim dru\u0161tvenim podru\u010djima.<\/p>\n<p>Cilj je <em>Leksikona<\/em> da bude priru\u010dnik u kojem \u0107e \u010ditatelj lako na\u0107i \u017eeljene podatke i sa zanimanjem \u010ditati o pojedincima, ali i o \u0161irim aspektima povijesti \u017didova u Hrvatskoj.<\/p>\n<p>Mnogi \u017eivotopisi, uklju\u010duju\u0107i i one suvremenika, kriti\u010dki se donose prvi put. \u017divu\u0107e je osobe, za koje se prema razli\u010ditim kriterijima smatralo da pripadaju \u017eidovskoj zajednici, Uredni\u0161tvo pitalo \u017eele li biti uvr\u0161tene u <em>Leksikon<\/em>. Tako se u njemu nalaze samo oni koji su dali potvrdan odgovor.<\/p>\n<p>U <em>Leksikon<\/em> su uvr\u0161teni svi oni za koje je Uredni\u0161tvo smatralo da su se u nekom aspektu svojega identiteta smatrali \u017didovima, kao i oni koji su se smatrali \u017didovima u dijelu svojega \u017eivota. Uvr\u0161tene su osobe koje su cijeli \u017eivot provele u Hrvatskoj, kao i one koje su u njoj proboravile odre\u0111en broj godina, ali su tijekom tih godina u njoj ostavile trag, ili je Hrvatska ostavila trag u njihovim biografijama.<\/p>\n<p>Uredni\u0161tvo je svjesno da je mre\u017eno izdanje <em>Leksikona<\/em> u razli\u010ditim aspektima manjkavo, da mnoge va\u017ene biografije nisu dovoljno istra\u017eene, da nedostaju mnogi podaci. Tako\u0111er, zbog du\u017eeg razdoblja u kojem je <em>Leksikon<\/em> pripreman nije bilo mogu\u0107e a\u017eurirati sve podatke.<\/p>\n<p>Imate li relevantne podatke ili informacije koje smo propustili unijeti, molimo Vas da nam ih proslijedite kako bismo nadopunili natuknice i priredili ih za tiskano izdanje. Primjedbe, ispravke i sugestije mo\u017eete poslati na adresu <em>Leksikona<\/em>: <a href=\"mailto:zbl@lzmk.hr\">zbl@lzmk.hr<\/a><\/p>\n<p>Ivo Goldstein<br \/>\nurednik \u017didovskoga biografskog leksikona<\/p>\n","protected":false},"excerpt":{"rendered":"<p>Po\u0161tovani, pred Vama je mre\u017eno izdanje \u017didovskoga biografskog leksikona. Kulturno dru\u0161tvo Miroslav \u0160alom Freiberger pokrenulo je 1997. projekt i organiziralo prvu redakciju. Tijekom godina projekt se dopunjavao i nadogra\u0111ivao. Od 2005. u realizaciju projekta uklju\u010dio se Leksikografski zavod Miroslav Krle\u017ea, pa je Leksikon naposljetku realiziran kao opse\u017eno i u leksikografskoj obradi cjelovito biografsko i bibliografsko &hellip; <a href=\"https:\/\/zbl.lzmk.hr\/\" class=\"more-link\">Nastavi \u010ditati<span class=\"screen-reader-text\"> &#8220;&#8221;<\/span><\/a><\/p>\n","protected":false},"author":1,"featured_media":0,"parent":0,"menu_order":0,"comment_status":"closed","ping_status":"closed","template":"","meta":{"footnotes":""},"class_list":["post-3708","page","type-page","status-publish","hentry"],"_links":{"self":[{"href":"https:\/\/zbl.lzmk.hr\/index.php?rest_route=\/wp\/v2\/pages\/3708"}],"collection":[{"href":"https:\/\/zbl.lzmk.hr\/index.php?rest_route=\/wp\/v2\/pages"}],"about":[{"href":"https:\/\/zbl.lzmk.hr\/index.php?rest_route=\/wp\/v2\/types\/page"}],"author":[{"embeddable":true,"href":"https:\/\/zbl.lzmk.hr\/index.php?rest_route=\/wp\/v2\/users\/1"}],"replies":[{"embeddable":true,"href":"https:\/\/zbl.lzmk.hr\/index.php?rest_route=%2Fwp%2Fv2%2Fcomments&post=3708"}],"version-history":[{"count":4,"href":"https:\/\/zbl.lzmk.hr\/index.php?rest_route=\/wp\/v2\/pages\/3708\/revisions"}],"predecessor-version":[{"id":3713,"href":"https:\/\/zbl.lzmk.hr\/index.php?rest_route=\/wp\/v2\/pages\/3708\/revisions\/3713"}],"wp:attachment":[{"href":"https:\/\/zbl.lzmk.hr\/index.php?rest_route=%2Fwp%2Fv2%2Fmedia&parent=3708"}],"curies":[{"name":"wp","href":"https:\/\/api.w.org\/{rel}","templated":true}]}}